{"id":19,"date":"2026-04-19T16:52:29","date_gmt":"2026-04-19T16:52:29","guid":{"rendered":"https:\/\/lugdunumcontest.com\/?page_id=19"},"modified":"2026-04-19T16:52:29","modified_gmt":"2026-04-19T16:52:29","slug":"benevoles","status":"publish","type":"page","link":"https:\/\/lugdunumcontest.com\/index.php\/benevoles\/","title":{"rendered":"B\u00e9n\u00e9voles"},"content":{"rendered":"\n<figure class=\"wp-block-image size-large\"><img loading=\"lazy\" decoding=\"async\" width=\"819\" height=\"1024\" src=\"https:\/\/lugdunumcontest.com\/wp-content\/uploads\/2026\/04\/WhatsApp-Image-2026-04-18-at-11.27.52-819x1024.jpeg\" alt=\"\" class=\"wp-image-73\" srcset=\"https:\/\/lugdunumcontest.com\/wp-content\/uploads\/2026\/04\/WhatsApp-Image-2026-04-18-at-11.27.52-819x1024.jpeg 819w, https:\/\/lugdunumcontest.com\/wp-content\/uploads\/2026\/04\/WhatsApp-Image-2026-04-18-at-11.27.52-240x300.jpeg 240w, https:\/\/lugdunumcontest.com\/wp-content\/uploads\/2026\/04\/WhatsApp-Image-2026-04-18-at-11.27.52-768x960.jpeg 768w, https:\/\/lugdunumcontest.com\/wp-content\/uploads\/2026\/04\/WhatsApp-Image-2026-04-18-at-11.27.52.jpeg 1080w\" sizes=\"auto, (max-width: 819px) 100vw, 819px\" \/><\/figure>\n\n\n\n<p>\ud83e\udef5Nous avons besoin de vous \ud83e\udef5<\/p>\n\n\n\n<p>\ud83e\udd81Venez vivre le Lugdunum Roller Contest \u00e0 fond en devenant b\u00e9n\u00e9vole ! \ud83c\udf1f<br>Sans vous, cet \u00e9v\u00e8nement n\u2019existerait pas alors que soit pour quelques heures ou deux jours,\u23f1\ufe0f rejoignez l\u2019aventure pour vivre ce super week-end avec nous \ud83e\udd17<\/p>\n\n\n\n<p>\ud83d\uddd3\ufe0f6 &amp; 7 juin 2026<br>\ud83d\udcccPlace Bellecour<\/p>\n\n\n\n<p>\ud83d\udcddRetrouvez toutes les infos et inscrivez vous d\u00e8s maintenant en cliquant sur le lien ci dessous ! \ud83e\udd17<\/p>\n\n\n\n<p><a href=\"https:\/\/framaforms.org\/inscription-des-benevoles-du-lugdunum-roller-contest-2026-1774352666\">https:\/\/framaforms.org\/inscription-des-benevoles-du-lugdunum-roller-contest-2026-1774352666<\/a><\/p>\n\n\n\n<p><\/p>\n","protected":false},"excerpt":{"rendered":"<p>\ud83e\udef5Nous avons besoin de vous \ud83e\udef5 \ud83e\udd81Venez vivre le Lugdunum Roller Contest \u00e0 fond en devenant b\u00e9n\u00e9vole ! \ud83c\udf1fSans vous, cet \u00e9v\u00e8nement n\u2019existerait pas alors que soit pour quelques heures ou deux jours,\u23f1\ufe0f rejoignez l\u2019aventure pour vivre ce super week-end avec nous \ud83e\udd17 \ud83d\uddd3\ufe0f6 &amp; 7 juin 2026\ud83d\udcccPlace Bellecour \ud83d\udcddRetrouvez toutes les infos et inscrivez [&hellip;]<\/p>\n","protected":false},"author":1,"featured_media":0,"parent":0,"menu_order":0,"comment_status":"closed","ping_status":"closed","template":"","meta":{"footnotes":""},"class_list":["post-19","page","type-page","status-publish","hentry"],"_links":{"self":[{"href":"https:\/\/lugdunumcontest.com\/index.php\/wp-json\/wp\/v2\/pages\/19","targetHints":{"allow":["GET"]}}],"collection":[{"href":"https:\/\/lugdunumcontest.com\/index.php\/wp-json\/wp\/v2\/pages"}],"about":[{"href":"https:\/\/lugdunumcontest.com\/index.php\/wp-json\/wp\/v2\/types\/page"}],"author":[{"embeddable":true,"href":"https:\/\/lugdunumcontest.com\/index.php\/wp-json\/wp\/v2\/users\/1"}],"replies":[{"embeddable":true,"href":"https:\/\/lugdunumcontest.com\/index.php\/wp-json\/wp\/v2\/comments?post=19"}],"version-history":[{"count":1,"href":"https:\/\/lugdunumcontest.com\/index.php\/wp-json\/wp\/v2\/pages\/19\/revisions"}],"predecessor-version":[{"id":74,"href":"https:\/\/lugdunumcontest.com\/index.php\/wp-json\/wp\/v2\/pages\/19\/revisions\/74"}],"wp:attachment":[{"href":"https:\/\/lugdunumcontest.com\/index.php\/wp-json\/wp\/v2\/media?parent=19"}],"curies":[{"name":"wp","href":"https:\/\/api.w.org\/{rel}","templated":true}]}}