{"id":12,"date":"2026-01-27T22:09:45","date_gmt":"2026-01-27T22:09:45","guid":{"rendered":"https:\/\/lugdunumcontest.com\/?page_id=12"},"modified":"2026-01-27T22:09:45","modified_gmt":"2026-01-27T22:09:45","slug":"programme","status":"publish","type":"page","link":"https:\/\/lugdunumcontest.com\/index.php\/programme\/","title":{"rendered":"Programme"},"content":{"rendered":"<div class=\"x-container max width offset\">\n<div class=\"x-main full\" role=\"main\">\n<article id=\"post-12\" class=\"post-12 page type-page status-publish hentry no-post-thumbnail\">\n<div class=\"entry-content content\">\n<div class=\"vc_row wpb_row vc_row-fluid\">\n<div class=\"wpb_column vc_column_container vc_col-sm-12\">\n<div class=\"vc_column-inner\">\n<div class=\"wpb_wrapper\">\n<div class=\"wpb_text_column wpb_content_element \">\n<div class=\"wpb_wrapper\">\n<p><img loading=\"lazy\" decoding=\"async\" class=\"alignnone size-full wp-image-2938\" src=\"https:\/\/web.archive.org\/web\/20240918185739im_\/https:\/\/lugdunumcontest.com\/wp-content\/uploads\/2019\/06\/titre19_programme_et_courses.jpg\" sizes=\"auto, (max-width: 550px) 100vw, 550px\" srcset=\"https:\/\/web.archive.org\/web\/20240918185739im_\/https:\/\/lugdunumcontest.com\/wp-content\/uploads\/2019\/06\/titre19_programme_et_courses.jpg 550w, https:\/\/web.archive.org\/web\/20240918185739im_\/https:\/\/lugdunumcontest.com\/wp-content\/uploads\/2019\/06\/titre19_programme_et_courses-300x25.jpg 300w, https:\/\/web.archive.org\/web\/20240918185739im_\/https:\/\/lugdunumcontest.com\/wp-content\/uploads\/2019\/06\/titre19_programme_et_courses-100x8.jpg 100w\" alt=\"\" width=\"550\" height=\"45\" data-id=\"2938\" \/><img loading=\"lazy\" decoding=\"async\" class=\"alignright size-full wp-image-389\" src=\"https:\/\/web.archive.org\/web\/20240918185739im_\/https:\/\/lugdunumcontest.com\/wp-content\/uploads\/2015\/04\/logo-ilovelugdu-gris.gif\" alt=\"logo-ilovelugdu-gris\" width=\"97\" height=\"95\" data-id=\"389\" \/><br \/>\nVoici le programme du Lugdunum Roller Contest : 2 jours de roller au c\u0153ur de Lyon !<\/p>\n<p><em>Retrouvez les informations n\u00e9cessaires pour acc\u00e9der \u00e0 la Place Bellecour <a href=\"https:\/\/web.archive.org\/web\/20240918185739\/https:\/\/lugdunumcontest.com\/infos\/acces\/\">ici<\/a>.<\/em><\/p>\n<p>&nbsp;<\/p>\n<p><span style=\"border-radius: 2px; text-indent: 20px; width: auto; padding: 0px 4px 0px 0px; text-align: center; font: bold 11px\/20px 'Helvetica Neue',Helvetica,sans-serif; color: #ffffff; background: #bd081c no-repeat scroll 3px 50% \/ 14px 14px; position: absolute; opacity: 1; z-index: 8675309; display: none; cursor: pointer;\">Enregistrer<\/span><\/p>\n<p><span style=\"border-radius: 2px; text-indent: 20px; width: auto; padding: 0px 4px 0px 0px; text-align: center; font: bold 11px\/20px 'Helvetica Neue',Helvetica,sans-serif; color: #ffffff; background: #bd081c no-repeat scroll 3px 50% \/ 14px 14px; position: absolute; opacity: 1; z-index: 8675309; display: none; cursor: pointer;\">Enregistrer<\/span><\/p>\n<\/div>\n<\/div>\n<div class=\"vc_row wpb_row vc_inner vc_row-fluid\">\n<div class=\"wpb_column vc_column_container vc_col-sm-12\">\n<div class=\"vc_column-inner\">\n<div class=\"wpb_wrapper\">\n<div class=\"wpb_text_column wpb_content_element \">\n<div class=\"wpb_wrapper\">\n<h2><span style=\"color: #0d9da4;\"> Vendredi 5 Juin<\/span><\/h2>\n<\/div>\n<\/div>\n<\/div>\n<\/div>\n<\/div>\n<\/div>\n<\/div>\n<\/div>\n<\/div>\n<\/div>\n<div class=\"vc_row wpb_row vc_row-fluid\">\n<div class=\"wpb_column vc_column_container vc_col-sm-3\">\n<div class=\"vc_column-inner\">\n<div class=\"wpb_wrapper\">\n<div class=\"wpb_text_column wpb_content_element \">\n<div class=\"wpb_wrapper\">\n<p><img loading=\"lazy\" decoding=\"async\" class=\"alignnone size-full wp-image-597\" src=\"https:\/\/web.archive.org\/web\/20240918185739im_\/https:\/\/lugdunumcontest.com\/wp-content\/uploads\/2015\/04\/prog_randonnee.jpg\" sizes=\"auto, (max-width: 250px) 100vw, 250px\" srcset=\"https:\/\/web.archive.org\/web\/20240918185739im_\/https:\/\/lugdunumcontest.com\/wp-content\/uploads\/2015\/04\/prog_randonnee.jpg 250w, https:\/\/web.archive.org\/web\/20240918185739im_\/https:\/\/lugdunumcontest.com\/wp-content\/uploads\/2015\/04\/prog_randonnee-100x50.jpg 100w\" alt=\"\" width=\"250\" height=\"125\" data-id=\"597\" \/><br \/>\nInformations, parcours, acc\u00e8s<br \/>\n<a href=\"https:\/\/web.archive.org\/web\/20240918185739\/https:\/\/lugdunumcontest.com\/village-animations\/randonnee-roller\/\">Toutes les infos ici\u2026<\/a><\/p>\n<\/div>\n<\/div>\n<\/div>\n<\/div>\n<\/div>\n<div class=\"wpb_column vc_column_container vc_col-sm-9\">\n<div class=\"vc_column-inner\">\n<div class=\"wpb_wrapper\">\n<div class=\"wpb_text_column wpb_content_element \">\n<div class=\"wpb_wrapper\">\n<p><span style=\"color: #80c8c5; font-size: 20px;\"><strong>Randonn\u00e9e Roller<\/strong><\/span><\/p>\n<p><span style=\"color: #80c8c5;\"><strong>Ouverture du LUGDUNUM ROLLER CONTEST<br \/>\n<\/strong><\/span>Rendez-vous 20h30 place Bellecour pour la RANDONN\u00c9E sp\u00e9ciale Lugdu : une seule grande boucle de 23 km ouverte \u00e0 tous et au plus grand nombre. Quelques speeds au rendez-vous ! Gratuit. <a href=\"https:\/\/web.archive.org\/web\/20240918185739\/https:\/\/lugdunumcontest.com\/village-animations\/randonnee-roller\/\">Voir parcours<\/a>.<\/p>\n<p>Organis\u00e9e par <a href=\"https:\/\/web.archive.org\/web\/20240918185739\/http:\/\/www.generationsroller.fr\/\" target=\"_blank\" rel=\"noopener noreferrer\">G\u00e9n\u00e9rations Roller<\/a><\/p>\n<\/div>\n<\/div>\n<\/div>\n<\/div>\n<\/div>\n<\/div>\n<div class=\"vc_row wpb_row vc_row-fluid\">\n<div class=\"wpb_column vc_column_container vc_col-sm-12\">\n<div class=\"vc_column-inner\">\n<div class=\"wpb_wrapper\">\n<div class=\"wpb_text_column wpb_content_element \">\n<div class=\"wpb_wrapper\">\n<h2><span style=\"color: #0d9da4;\">Samedi 6 Juin<\/span><\/h2>\n<\/div>\n<\/div>\n<\/div>\n<\/div>\n<\/div>\n<\/div>\n<div class=\"vc_row wpb_row vc_row-fluid\">\n<div class=\"wpb_column vc_column_container vc_col-sm-3\">\n<div class=\"vc_column-inner\">\n<div class=\"wpb_wrapper\">\n<div class=\"wpb_text_column wpb_content_element \">\n<div class=\"wpb_wrapper\">\n<p><a href=\"https:\/\/web.archive.org\/web\/20240918185739\/http:\/\/lugdunumcontest.com\/courses\/skate-cross\/\"><img loading=\"lazy\" decoding=\"async\" class=\"size-full wp-image-16768 aligncenter\" src=\"https:\/\/web.archive.org\/web\/20240918185739im_\/https:\/\/lugdunumcontest.com\/wp-content\/uploads\/2022\/01\/prog_skatecross.png\" sizes=\"auto, (max-width: 250px) 100vw, 250px\" srcset=\"https:\/\/web.archive.org\/web\/20240918185739im_\/https:\/\/lugdunumcontest.com\/wp-content\/uploads\/2022\/01\/prog_skatecross.png 250w, https:\/\/web.archive.org\/web\/20240918185739im_\/https:\/\/lugdunumcontest.com\/wp-content\/uploads\/2022\/01\/prog_skatecross-100x50.png 100w\" alt=\"\" width=\"250\" height=\"125\" \/><\/a><br \/>\nInscriptions, acc\u00e8s, parcours\u2026<br \/>\n<a href=\"https:\/\/web.archive.org\/web\/20240918185739\/https:\/\/lugdunumcontest.com\/programme-et-courses\/skate-cross\/\">Toutes les infos ici<\/a><\/p>\n<\/div>\n<\/div>\n<\/div>\n<\/div>\n<\/div>\n<div class=\"wpb_column vc_column_container vc_col-sm-9\">\n<div class=\"vc_column-inner\">\n<div class=\"wpb_wrapper\">\n<div class=\"wpb_text_column wpb_content_element \">\n<div class=\"wpb_wrapper\">\n<p><span style=\"color: #5a423e; font-size: 20px;\"><strong><span style=\"color: #80b051; font-size: 20px;\">Coupe de France Freeride<\/span><\/strong><\/span><\/p>\n<table border=\"0\" width=\"419\" cellspacing=\"0\">\n<tbody>\n<tr>\n<td valign=\"top\" width=\"68\">8h30-9h30<\/td>\n<td valign=\"top\" width=\"347\">Inscriptions et retraits des dossards<\/td>\n<\/tr>\n<tr>\n<td valign=\"top\">8h30-09h30<\/td>\n<td valign=\"top\"><span class=\"Style1\"><strong class=\"Style42\">Entra\u00eenements libres<\/strong><\/span><\/td>\n<\/tr>\n<tr>\n<td valign=\"top\">09h30-17h00<\/td>\n<td valign=\"top\">\n<div align=\"justify\">\n<div align=\"justify\"><span style=\"color: #fab800;\"><strong>Qualifications run 1 &amp; 2 <\/strong><\/span><br \/>\nChaque rider \u00e0 deux runs individuels chronom\u00e9tr\u00e9s pour faire partie des plus rapides, cela permettra aux XX premiers (En fonction du nombre de partants) d\u2019\u00eatre qualifi\u00e9s pour les phases finales en border.<\/div>\n<\/div>\n<\/td>\n<\/tr>\n<tr>\n<td valign=\"top\"><\/td>\n<td class=\"Style1\" align=\"left\" valign=\"top\"><\/td>\n<\/tr>\n<\/tbody>\n<\/table>\n<p><span style=\"color: #5a423e; font-size: 20px;\"><strong><span style=\"color: #80b051; font-size: 20px;\">Nouveaut\u00e9 2024 : Hauteur pure<\/span><\/strong><\/span><\/p>\n<p>15h30-19h Comp\u00e9tition de hauteur pure<\/p>\n<\/div>\n<\/div>\n<\/div>\n<\/div>\n<\/div>\n<\/div>\n<div class=\"vc_row wpb_row vc_row-fluid\">\n<div class=\"wpb_column vc_column_container vc_col-sm-12\">\n<div class=\"vc_column-inner\">\n<div class=\"wpb_wrapper\">\n<div class=\"wpb_text_column wpb_content_element \">\n<div class=\"wpb_wrapper\">\n<h2><span style=\"color: #0d9da4;\">Dimanche 7 Juin<\/span><\/h2>\n<\/div>\n<\/div>\n<\/div>\n<\/div>\n<\/div>\n<\/div>\n<div class=\"vc_row wpb_row vc_row-fluid\">\n<div class=\"wpb_column vc_column_container vc_col-sm-3\">\n<div class=\"vc_column-inner\">\n<div class=\"wpb_wrapper\">\n<div class=\"wpb_text_column wpb_content_element \">\n<div class=\"wpb_wrapper\">\n<p>Inscriptions, acc\u00e8s, parcours\u2026<\/p>\n<\/div>\n<\/div>\n<\/div>\n<\/div>\n<\/div>\n<div class=\"wpb_column vc_column_container vc_col-sm-9\">\n<div class=\"vc_column-inner\">\n<div class=\"wpb_wrapper\">\n<div class=\"wpb_text_column wpb_content_element \">\n<div class=\"wpb_wrapper\">\n<p><strong><span style=\"color: #eb6f62; font-size: 20px;\">Coupe de France Marathon Roller<a href=\"https:\/\/web.archive.org\/web\/20240918185739\/https:\/\/lugdunumcontest.com\/wp-content\/uploads\/2023\/09\/logo-CFMR-vertical.jpg\" target=\"_blank\" rel=\"noopener noreferrer\"><img loading=\"lazy\" decoding=\"async\" class=\"wp-image-16907 alignright\" src=\"https:\/\/web.archive.org\/web\/20240918185739im_\/https:\/\/lugdunumcontest.com\/wp-content\/uploads\/2023\/09\/logo-CFMR-vertical.jpg\" alt=\"\" width=\"63\" height=\"72\" data-id=\"617\" \/><\/a><\/span><\/strong><\/p>\n<table border=\"0\" width=\"419\" cellspacing=\"0\">\n<tbody>\n<tr>\n<td class=\"Style30\" valign=\"top\" width=\"79\">8h30<\/td>\n<td class=\"Style1\" valign=\"top\" width=\"305\">Ouverture de la journ\u00e9e, inscriptions et retraits des dossards<\/td>\n<\/tr>\n<tr>\n<td class=\"Style24\" valign=\"top\">10h00<\/td>\n<td valign=\"top\"><span class=\"Style1\"><span style=\"color: #eb6f62;\"><strong class=\"Style24\">Course des Gones<\/strong><\/span><br \/>\nL\u2019\u00e9preuve pour les jeunes de 6 \u00e0 12 ans.<br \/>\n<a href=\"https:\/\/web.archive.org\/web\/20240918185739\/https:\/\/lugdunumcontest.com\/programme-et-courses\/course-des-gones\/\">Toutes les informations ici<\/a><br \/>\n<\/span><\/td>\n<\/tr>\n<tr>\n<td class=\"Style24\" valign=\"top\">11h00<\/td>\n<td class=\"Style1\" align=\"left\" valign=\"top\">\n<div align=\"justify\"><span class=\"Style24\"><span style=\"color: #eb6f62;\"><strong>Parcours loisir 1h<\/strong><\/span><br \/>\n<\/span>C\u2019est l\u2019\u00e9preuve grand public et accessible \u00e0 tous par excellence ! Pas de classement mais juste du plaisir et de la convivialit\u00e9 pour rouler pendant 1h sur un parcours sans difficult\u00e9 et s\u00e9curis\u00e9.<\/div>\n<div align=\"justify\">Ouverte d\u00e8s l\u2019\u00e2ge de 6 ans, que demander de plus pour participer \u00e0 la f\u00eate entre amis ou en famille !<\/div>\n<div align=\"justify\">A l\u2019arriv\u00e9e, chaque participant recevra un dipl\u00f4me de l\u2019\u00e9v\u00e9nement avec sa distance parcourue.<\/div>\n<div align=\"justify\">Le parcours loisir est ouvert aux rollers, aux trottinettes, aux skates et aux poussettes (pour les parents en rollers!)<br \/>\n<span class=\"Style1\"><a href=\"https:\/\/web.archive.org\/web\/20240918185739\/https:\/\/lugdunumcontest.com\/programme-et-courses\/parcours-loisir\/\">Toutes les informations ici<\/a><\/span><\/div>\n<\/td>\n<\/tr>\n<tr>\n<td class=\"Style24\" valign=\"top\"><span class=\"Style30\">12h00<\/span><\/td>\n<td class=\"Style1\" valign=\"top\">Podiums Course des G\u00f4nes<\/td>\n<\/tr>\n<tr>\n<td class=\"Style24\" valign=\"top\">13h00 \u2013 14h30<\/td>\n<td class=\"Style1\" valign=\"top\"><span class=\"Style26\"><span style=\"color: #eb6f62;\"><strong> 21 km sportif<\/strong><\/span><br \/>\n<\/span><\/p>\n<div align=\"justify\">Distance id\u00e9ale pour commencer et progresser, quel que soit son niveau, dans le monde de la comp\u00e9tition ! Ouvert aux Cadets et aux Quads.<br \/>\n<em>Nouveau : Cat\u00e9gorie Skate ! <\/em><br \/>\n<span class=\"Style1\"><a href=\"https:\/\/web.archive.org\/web\/20240918185739\/https:\/\/lugdunumcontest.com\/programme-et-courses\/21-km-sportif\/\">Toutes les informations ici<\/a><\/span><\/div>\n<\/td>\n<\/tr>\n<tr>\n<td class=\"Style30\" valign=\"top\">14h30<\/td>\n<td class=\"Style1\" valign=\"top\">Podiums 21 km<\/td>\n<\/tr>\n<tr>\n<td class=\"Style24\" valign=\"top\">15h00 \u2013 17h00<\/td>\n<td class=\"Style1\" valign=\"top\"><span class=\"Style26\" style=\"color: #eb6f62;\"><strong>42 km comp\u00e9tition<br \/>\n<\/strong><\/span>Le marathon est l\u2019\u00e9preuve phare et spectaculaire de la vitesse. A pr\u00e8s de 40 km\/h de moyenne pour les \u201cpros\u201d de la t\u00eate de course, l\u2019effort physique, tout autant que tactique, sont au rendez-vous. Du grand spectacle au c\u0153ur de Lyon !<br \/>\n<span class=\"Style1\"><a href=\"https:\/\/web.archive.org\/web\/20240918185739\/https:\/\/lugdunumcontest.com\/programme-et-courses\/42-km-competition\/\">Toutes les informations ici<\/a><\/span><\/td>\n<\/tr>\n<tr>\n<td class=\"Style30\" valign=\"top\">17h00<\/td>\n<td class=\"Style1\" valign=\"top\">Podiums 42 km<\/td>\n<\/tr>\n<\/tbody>\n<\/table>\n<p>&nbsp;<\/p>\n<p>&nbsp;<\/p>\n<p>&nbsp;<\/p>\n<p>&nbsp;<\/p>\n<p><span style=\"border-radius: 2px; text-indent: 20px; width: auto; padding: 0px 4px 0px 0px; text-align: center; font: bold 11px\/20px 'Helvetica Neue',Helvetica,sans-serif; color: #ffffff; background: #bd081c no-repeat scroll 3px 50% \/ 14px 14px; position: absolute; opacity: 1; z-index: 8675309; display: none; cursor: pointer;\">Enregistrer<\/span><\/p>\n<p><span style=\"border-radius: 2px; text-indent: 20px; width: auto; padding: 0px 4px 0px 0px; text-align: center; font: bold 11px\/20px 'Helvetica Neue',Helvetica,sans-serif; color: #ffffff; background: #bd081c no-repeat scroll 3px 50% \/ 14px 14px; position: absolute; opacity: 1; z-index: 8675309; display: none; cursor: pointer;\">Enregistrer<\/span><\/p>\n<\/div>\n<\/div>\n<\/div>\n<\/div>\n<\/div>\n<\/div>\n<div class=\"vc_row wpb_row vc_row-fluid\">\n<div class=\"wpb_column vc_column_container vc_col-sm-3\">\n<div class=\"vc_column-inner\">\n<div class=\"wpb_wrapper\">\n<div class=\"wpb_text_column wpb_content_element \">\n<div class=\"wpb_wrapper\">\n<p><a href=\"https:\/\/web.archive.org\/web\/20240918185739\/http:\/\/lugdunumcontest.com\/courses\/skate-cross\/\"><img loading=\"lazy\" decoding=\"async\" class=\"size-full wp-image-16768 aligncenter\" src=\"https:\/\/web.archive.org\/web\/20240918185739im_\/https:\/\/lugdunumcontest.com\/wp-content\/uploads\/2022\/01\/prog_skatecross.png\" sizes=\"auto, (max-width: 250px) 100vw, 250px\" srcset=\"https:\/\/web.archive.org\/web\/20240918185739im_\/https:\/\/lugdunumcontest.com\/wp-content\/uploads\/2022\/01\/prog_skatecross.png 250w, https:\/\/web.archive.org\/web\/20240918185739im_\/https:\/\/lugdunumcontest.com\/wp-content\/uploads\/2022\/01\/prog_skatecross-100x50.png 100w\" alt=\"\" width=\"250\" height=\"125\" \/><\/a>Inscriptions, acc\u00e8s, parcours\u2026<br \/>\n<a href=\"https:\/\/web.archive.org\/web\/20240918185739\/https:\/\/lugdunumcontest.com\/programme-et-courses\/skate-cross\/\">Toutes les infos ici<\/a><\/p>\n<\/div>\n<\/div>\n<\/div>\n<\/div>\n<\/div>\n<div class=\"wpb_column vc_column_container vc_col-sm-9\">\n<div class=\"vc_column-inner\">\n<div class=\"wpb_wrapper\">\n<div class=\"wpb_text_column wpb_content_element \">\n<div class=\"wpb_wrapper\">\n<p><span style=\"color: #80b051; font-size: 20px;\"><strong>Coupe de France Freeride<\/strong><\/span><\/p>\n<p>&nbsp;<\/p>\n<table border=\"0\" width=\"419\" cellspacing=\"0\">\n<tbody>\n<tr>\n<td valign=\"top\">8h00-09h00<\/td>\n<td valign=\"top\"><span class=\"Style1\"><strong class=\"Style42\">Entra\u00eenements libres<\/strong><\/span><\/td>\n<\/tr>\n<tr>\n<td valign=\"top\">09h00-14h00<\/td>\n<td valign=\"top\">\n<div align=\"justify\">\n<div align=\"justify\"><span style=\"color: #fab800;\"><strong>Phases Finales <\/strong><\/span><br \/>\nLes patineurs sont class\u00e9s par leurs chronos r\u00e9alis\u00e9s la veille !<br \/>\nUn certains nombre seront qualifier pour les phases finales \u00e0 4.<br \/>\nLes 2 premiers de chaque pool continuent l\u2019aventure ! Les tableaux et finales s\u2019encha\u00eenent par cat\u00e9gorie.<\/div>\n<\/div>\n<\/td>\n<\/tr>\n<tr>\n<td class=\"Style42\" valign=\"top\">14h30<\/td>\n<td class=\"Style1\" valign=\"top\"><span class=\"Style42\" style=\"color: #fab800;\"><strong>Podium Skate Cross<\/strong><\/span><\/td>\n<\/tr>\n<\/tbody>\n<\/table>\n<p><a href=\"https:\/\/web.archive.org\/web\/20240918185739\/https:\/\/lugdunumcontest.com\/programme-et-courses\/skate-cross\/\"><br \/>\nToutes les informations et inscriptions ici<\/a><\/p>\n<\/div>\n<\/div>\n<\/div>\n<\/div>\n<\/div>\n<\/div>\n<div class=\"vc_row wpb_row vc_row-fluid\">\n<div class=\"wpb_column vc_column_container vc_col-sm-3\">\n<div class=\"vc_column-inner\">\n<div class=\"wpb_wrapper\">\n<div class=\"wpb_text_column wpb_content_element \">\n<div class=\"wpb_wrapper\">\n<p><img loading=\"lazy\" decoding=\"async\" class=\"size-full wp-image-595 aligncenter\" src=\"https:\/\/web.archive.org\/web\/20240918185739im_\/https:\/\/lugdunumcontest.com\/wp-content\/uploads\/2015\/04\/prog_initiations.jpg\" sizes=\"auto, (max-width: 250px) 100vw, 250px\" srcset=\"https:\/\/web.archive.org\/web\/20240918185739im_\/https:\/\/lugdunumcontest.com\/wp-content\/uploads\/2015\/04\/prog_initiations.jpg 250w, https:\/\/web.archive.org\/web\/20240918185739im_\/https:\/\/lugdunumcontest.com\/wp-content\/uploads\/2015\/04\/prog_initiations-100x50.jpg 100w\" alt=\"\" width=\"250\" height=\"125\" data-id=\"595\" \/><\/p>\n<p>Animations, acc\u00e8s<br \/>\n<a href=\"https:\/\/web.archive.org\/web\/20240918185739\/https:\/\/lugdunumcontest.com\/village-animations\/initiations\/\">Toutes les infos ici\u2026<\/a><\/p>\n<\/div>\n<\/div>\n<\/div>\n<\/div>\n<\/div>\n<div class=\"wpb_column vc_column_container vc_col-sm-9\">\n<div class=\"vc_column-inner\">\n<div class=\"wpb_wrapper\">\n<div class=\"wpb_text_column wpb_content_element \">\n<div class=\"wpb_wrapper\">\n<p><span style=\"color: #5a423e; font-size: 20px;\"><strong>Initiations roller<br \/>\n<\/strong><\/span><\/p>\n<p>Pour adultes et enfants <span style=\"color: #b37a68;\"><strong> de 10h \u00e0 18h<br \/>\n<\/strong><\/span>Par l\u2019association Lyon Roller M\u00e9tropole<br \/>\n<em>Pr\u00eat de rollers, ainsi que de protections pour adultes et enfants.<br \/>\n<\/em><em>Port du casque et de protections obligatoire pour tous les participants.<\/em><\/p>\n<p>Mais aussi :<br \/>\n\u2013 Initiations au Roller Hockey propos\u00e9 par Lyon Roller M\u00e9tropole<br \/>\n\u2013 Initiations au Skate propos\u00e9 par l\u2019association Gones En Skate et Roule qui Peut<\/p>\n<\/div>\n<\/div>\n<\/div>\n<\/div>\n<\/div>\n<\/div>\n<div class=\"vc_row wpb_row vc_row-fluid\">\n<div class=\"wpb_column vc_column_container vc_col-sm-3\">\n<div class=\"vc_column-inner\">\n<div class=\"wpb_wrapper\">\n<div class=\"wpb_text_column wpb_content_element \">\n<div class=\"wpb_wrapper\">\n<p><a href=\"https:\/\/web.archive.org\/web\/20240918185739\/http:\/\/lugdunumcontest.com\/village\/village-animations\/\"><img loading=\"lazy\" decoding=\"async\" class=\"aligncenter size-full wp-image-601\" src=\"https:\/\/web.archive.org\/web\/20240918185739im_\/https:\/\/lugdunumcontest.com\/wp-content\/uploads\/2015\/04\/prog_village.jpg\" sizes=\"auto, (max-width: 250px) 100vw, 250px\" srcset=\"https:\/\/web.archive.org\/web\/20240918185739im_\/https:\/\/lugdunumcontest.com\/wp-content\/uploads\/2015\/04\/prog_village.jpg 250w, https:\/\/web.archive.org\/web\/20240918185739im_\/https:\/\/lugdunumcontest.com\/wp-content\/uploads\/2015\/04\/prog_village-100x50.jpg 100w\" alt=\"Village et Animations\" width=\"250\" height=\"125\" data-id=\"601\" \/><\/a><\/p>\n<p><a href=\"https:\/\/web.archive.org\/web\/20240918185739\/https:\/\/lugdunumcontest.com\/village-animations\/\">Toutes les infos ici<\/a><\/p>\n<\/div>\n<\/div>\n<\/div>\n<\/div>\n<\/div>\n<div class=\"wpb_column vc_column_container vc_col-sm-9\">\n<div class=\"vc_column-inner\">\n<div class=\"wpb_wrapper\">\n<div class=\"wpb_text_column wpb_content_element \">\n<div class=\"wpb_wrapper\">\n<p><span style=\"color: #794e93; font-size: 20px;\"><strong>Village et Animations<\/strong><\/span><\/p>\n<p>Et aussi\u2026 <strong>Toute la journ\u00e9e : <\/strong>village expo partenaires, initiations enfants et adultes, d\u00e9monstration de diff\u00e9rentes disciplines, matchs de roller hockey\u2026<br \/>\n<a href=\"https:\/\/web.archive.org\/web\/20240918185739\/https:\/\/lugdunumcontest.com\/village-animations\/\">Toutes les informations ici<\/a><\/p>\n<\/div>\n<\/div>\n<\/div>\n<\/div>\n<\/div>\n<\/div>\n<div class=\"vc_row wpb_row vc_row-fluid\">\n<div class=\"wpb_column vc_column_container vc_col-sm-12\">\n<div class=\"vc_column-inner\">\n<div class=\"wpb_wrapper\">\n<div class=\"wpb_text_column wpb_content_element \">\n<div class=\"wpb_wrapper\">\n<p><img loading=\"lazy\" decoding=\"async\" class=\"alignnone size-full wp-image-16770\" src=\"https:\/\/web.archive.org\/web\/20240918185739im_\/https:\/\/lugdunumcontest.com\/wp-content\/uploads\/2022\/01\/bottom_programme.png\" sizes=\"auto, (max-width: 1050px) 100vw, 1050px\" srcset=\"https:\/\/web.archive.org\/web\/20240918185739im_\/https:\/\/lugdunumcontest.com\/wp-content\/uploads\/2022\/01\/bottom_programme.png 1050w, https:\/\/web.archive.org\/web\/20240918185739im_\/https:\/\/lugdunumcontest.com\/wp-content\/uploads\/2022\/01\/bottom_programme-300x86.png 300w, https:\/\/web.archive.org\/web\/20240918185739im_\/https:\/\/lugdunumcontest.com\/wp-content\/uploads\/2022\/01\/bottom_programme-1024x293.png 1024w, https:\/\/web.archive.org\/web\/20240918185739im_\/https:\/\/lugdunumcontest.com\/wp-content\/uploads\/2022\/01\/bottom_programme-768x219.png 768w, https:\/\/web.archive.org\/web\/20240918185739im_\/https:\/\/lugdunumcontest.com\/wp-content\/uploads\/2022\/01\/bottom_programme-600x171.png 600w, https:\/\/web.archive.org\/web\/20240918185739im_\/https:\/\/lugdunumcontest.com\/wp-content\/uploads\/2022\/01\/bottom_programme-100x29.png 100w\" alt=\"\" width=\"1050\" height=\"300\" \/><\/p>\n<\/div>\n<\/div>\n<\/div>\n<\/div>\n<\/div>\n<\/div>\n<div class=\"vc_row wpb_row vc_row-fluid\">\n<div class=\"wpb_column vc_column_container vc_col-sm-12\">\n<div class=\"vc_column-inner\">\n<div class=\"wpb_wrapper\"><\/div>\n<\/div>\n<\/div>\n<\/div>\n<\/div>\n<\/article>\n<\/div>\n<\/div>\n","protected":false},"excerpt":{"rendered":"<p>Voici le programme du Lugdunum Roller Contest : 2 jours de roller au c\u0153ur de Lyon ! Retrouvez les informations n\u00e9cessaires pour acc\u00e9der \u00e0 la Place Bellecour ici. &nbsp; Enregistrer Enregistrer Vendredi 5 Juin Informations, parcours, acc\u00e8s Toutes les infos ici\u2026 Randonn\u00e9e Roller Ouverture du LUGDUNUM ROLLER CONTEST Rendez-vous 20h30 place Bellecour pour la RANDONN\u00c9E [&hellip;]<\/p>\n","protected":false},"author":1,"featured_media":0,"parent":0,"menu_order":0,"comment_status":"closed","ping_status":"closed","template":"","meta":{"footnotes":""},"class_list":["post-12","page","type-page","status-publish","hentry"],"_links":{"self":[{"href":"https:\/\/lugdunumcontest.com\/index.php\/wp-json\/wp\/v2\/pages\/12","targetHints":{"allow":["GET"]}}],"collection":[{"href":"https:\/\/lugdunumcontest.com\/index.php\/wp-json\/wp\/v2\/pages"}],"about":[{"href":"https:\/\/lugdunumcontest.com\/index.php\/wp-json\/wp\/v2\/types\/page"}],"author":[{"embeddable":true,"href":"https:\/\/lugdunumcontest.com\/index.php\/wp-json\/wp\/v2\/users\/1"}],"replies":[{"embeddable":true,"href":"https:\/\/lugdunumcontest.com\/index.php\/wp-json\/wp\/v2\/comments?post=12"}],"version-history":[{"count":1,"href":"https:\/\/lugdunumcontest.com\/index.php\/wp-json\/wp\/v2\/pages\/12\/revisions"}],"predecessor-version":[{"id":62,"href":"https:\/\/lugdunumcontest.com\/index.php\/wp-json\/wp\/v2\/pages\/12\/revisions\/62"}],"wp:attachment":[{"href":"https:\/\/lugdunumcontest.com\/index.php\/wp-json\/wp\/v2\/media?parent=12"}],"curies":[{"name":"wp","href":"https:\/\/api.w.org\/{rel}","templated":true}]}}